{"id":15830,"date":"2024-07-05T14:43:40","date_gmt":"2024-07-05T13:43:40","guid":{"rendered":"https:\/\/testpomoc.cencert.pl\/contact\/"},"modified":"2024-10-28T17:22:17","modified_gmt":"2024-10-28T16:22:17","slug":"contact","status":"publish","type":"page","link":"https:\/\/testpomoc.cencert.pl\/en\/contact\/","title":{"rendered":"contact"},"content":{"rendered":"\t\t<div data-elementor-type=\"wp-page\" data-elementor-id=\"15830\" class=\"elementor elementor-15830 elementor-15330\" data-elementor-post-type=\"page\">\n\t\t\t\t\t\t<section class=\"elementor-section elementor-top-section elementor-element elementor-element-18f3edc4 elementor-section-boxed elementor-section-height-default elementor-section-height-default\" data-id=\"18f3edc4\" data-element_type=\"section\">\n\t\t\t\t\t\t<div class=\"elementor-container elementor-column-gap-default\">\n\t\t\t\t\t<div class=\"elementor-column elementor-col-100 elementor-top-column elementor-element elementor-element-5f92dad9\" data-id=\"5f92dad9\" data-element_type=\"column\">\n\t\t\t<div class=\"elementor-widget-wrap elementor-element-populated\">\n\t\t\t\t\t\t<section class=\"elementor-section elementor-inner-section elementor-element elementor-element-ef7e87f elementor-section-boxed elementor-section-height-default elementor-section-height-default\" data-id=\"ef7e87f\" data-element_type=\"section\">\n\t\t\t\t\t\t<div class=\"elementor-container elementor-column-gap-default\">\n\t\t\t\t\t<div class=\"elementor-column elementor-col-50 elementor-inner-column elementor-element elementor-element-9bf8319\" data-id=\"9bf8319\" data-element_type=\"column\">\n\t\t\t<div class=\"elementor-widget-wrap elementor-element-populated\">\n\t\t\t\t\t\t<div class=\"elementor-element elementor-element-30f262a elementor-widget elementor-widget-breadcrumbs\" data-id=\"30f262a\" data-element_type=\"widget\" data-widget_type=\"breadcrumbs.default\">\n\t\t\t\t<div class=\"elementor-widget-container\">\n\t\t\t<p id=\"breadcrumbs\"><span><span><a href=\"https:\/\/testpomoc.cencert.pl\/en\/homepage\/\">Strona g\u0142\u00f3wna<\/a><\/span><\/span><\/p>\t\t<\/div>\n\t\t\t\t<\/div>\n\t\t\t\t<div class=\"elementor-element elementor-element-90ca3d7 elementor-widget elementor-widget-text-editor\" data-id=\"90ca3d7\" data-element_type=\"widget\" data-widget_type=\"text-editor.default\">\n\t\t\t\t<div class=\"elementor-widget-container\">\n\t\t\t\t\t\t\t<h3>Contact us<\/h3>\n<p>If you have any questions, please contact us using the form below.<\/p>\t\t\t\t\t\t<\/div>\n\t\t\t\t<\/div>\n\t\t\t\t<div class=\"elementor-element elementor-element-8138506 elementor-widget elementor-widget-wpforms\" data-id=\"8138506\" data-element_type=\"widget\" data-widget_type=\"wpforms.default\">\n\t\t\t\t<div class=\"elementor-widget-container\">\n\t\t\t<style id=\"wpforms-css-vars-root\">\n\t\t\t\t:root {\n\t\t\t\t\t--wpforms-field-border-radius: 3px;\n--wpforms-field-border-style: solid;\n--wpforms-field-border-size: 1px;\n--wpforms-field-background-color: #ffffff;\n--wpforms-field-border-color: rgba( 0, 0, 0, 0.25 );\n--wpforms-field-border-color-spare: rgba( 0, 0, 0, 0.25 );\n--wpforms-field-text-color: rgba( 0, 0, 0, 0.7 );\n--wpforms-field-menu-color: #ffffff;\n--wpforms-label-color: rgba( 0, 0, 0, 0.85 );\n--wpforms-label-sublabel-color: rgba( 0, 0, 0, 0.55 );\n--wpforms-label-error-color: #d63637;\n--wpforms-button-border-radius: 3px;\n--wpforms-button-border-style: none;\n--wpforms-button-border-size: 1px;\n--wpforms-button-background-color: #066aab;\n--wpforms-button-border-color: #066aab;\n--wpforms-button-text-color: #ffffff;\n--wpforms-page-break-color: #066aab;\n--wpforms-background-image: none;\n--wpforms-background-position: center center;\n--wpforms-background-repeat: no-repeat;\n--wpforms-background-size: cover;\n--wpforms-background-width: 100px;\n--wpforms-background-height: 100px;\n--wpforms-background-color: rgba( 0, 0, 0, 0 );\n--wpforms-background-url: none;\n--wpforms-container-padding: 0px;\n--wpforms-container-border-style: none;\n--wpforms-container-border-width: 1px;\n--wpforms-container-border-color: #000000;\n--wpforms-container-border-radius: 3px;\n--wpforms-field-size-input-height: 43px;\n--wpforms-field-size-input-spacing: 15px;\n--wpforms-field-size-font-size: 16px;\n--wpforms-field-size-line-height: 19px;\n--wpforms-field-size-padding-h: 14px;\n--wpforms-field-size-checkbox-size: 16px;\n--wpforms-field-size-sublabel-spacing: 5px;\n--wpforms-field-size-icon-size: 1;\n--wpforms-label-size-font-size: 16px;\n--wpforms-label-size-line-height: 19px;\n--wpforms-label-size-sublabel-font-size: 14px;\n--wpforms-label-size-sublabel-line-height: 17px;\n--wpforms-button-size-font-size: 17px;\n--wpforms-button-size-height: 41px;\n--wpforms-button-size-padding-h: 15px;\n--wpforms-button-size-margin-top: 10px;\n--wpforms-container-shadow-size-box-shadow: none;\n\n\t\t\t\t}\n\t\t\t<\/style><style id=\"wpforms-css-vars-elementor-widget-8138506\">\n\t\t\t\t.elementor-widget-wpforms.elementor-element-8138506 {\n\t\t\t\t\t--wpforms-button-border-radius: 0px;\n--wpforms-button-background-color: #569FF4;\n--wpforms-field-size-input-height: 43px;\n--wpforms-field-size-input-spacing: 15px;\n--wpforms-field-size-font-size: 16px;\n--wpforms-field-size-line-height: 19px;\n--wpforms-field-size-padding-h: 14px;\n--wpforms-field-size-checkbox-size: 16px;\n--wpforms-field-size-sublabel-spacing: 5px;\n--wpforms-field-size-icon-size: 1;\n--wpforms-label-size-font-size: 16px;\n--wpforms-label-size-line-height: 19px;\n--wpforms-label-size-sublabel-font-size: 14px;\n--wpforms-label-size-sublabel-line-height: 17px;\n--wpforms-button-size-font-size: 17px;\n--wpforms-button-size-height: 41px;\n--wpforms-button-size-padding-h: 15px;\n--wpforms-button-size-margin-top: 10px;\n\n\t\t\t\t}\n\t\t\t<\/style><div class=\"wpforms-container wpforms-container-full wpforms-render-modern\" id=\"wpforms-15167\"><form id=\"wpforms-form-15167\" class=\"wpforms-validate wpforms-form wpforms-ajax-form\" data-formid=\"15167\" method=\"post\" enctype=\"multipart\/form-data\" action=\"\/en\/wp-json\/wp\/v2\/pages\/15830\" data-token=\"a1774b8406ed017c8017904bf21aed64\" data-token-time=\"1775405038\"><noscript class=\"wpforms-error-noscript\">Please enable JavaScript in your browser to complete this form.<\/noscript><div class=\"wpforms-hidden\" id=\"wpforms-error-noscript\">Please enable JavaScript in your browser to complete this form.<\/div><div class=\"wpforms-field-container\"><div id=\"wpforms-15167-field_0-container\" class=\"wpforms-field wpforms-field-name\" data-field-id=\"0\"><fieldset><legend class=\"wpforms-field-label\">Imi\u0119 i nazwisko <span class=\"wpforms-required-label\" aria-hidden=\"true\">*<\/span><\/legend><div class=\"wpforms-field-row wpforms-field-large\"><div class=\"wpforms-field-row-block wpforms-first wpforms-one-half\"><input type=\"text\" id=\"wpforms-15167-field_0\" class=\"wpforms-field-name-first wpforms-field-required\" name=\"wpforms[fields][0][first]\" aria-errormessage=\"wpforms-15167-field_0-error\" required><label for=\"wpforms-15167-field_0\" class=\"wpforms-field-sublabel after\">First<\/label><\/div><div class=\"wpforms-field-row-block wpforms-one-half\"><input type=\"text\" id=\"wpforms-15167-field_0-last\" class=\"wpforms-field-name-last wpforms-field-required\" name=\"wpforms[fields][0][last]\" aria-errormessage=\"wpforms-15167-field_0-last-error\" required><label for=\"wpforms-15167-field_0-last\" class=\"wpforms-field-sublabel after\">Last<\/label><\/div><\/div><\/fieldset><\/div><div id=\"wpforms-15167-field_1-container\" class=\"wpforms-field wpforms-field-email\" data-field-id=\"1\"><label class=\"wpforms-field-label\" for=\"wpforms-15167-field_1\">Adres e-mail <span class=\"wpforms-required-label\" aria-hidden=\"true\">*<\/span><\/label><input type=\"email\" id=\"wpforms-15167-field_1\" class=\"wpforms-field-large wpforms-field-required\" name=\"wpforms[fields][1]\" spellcheck=\"false\" aria-errormessage=\"wpforms-15167-field_1-error\" required><\/div><div id=\"wpforms-15167-field_3-container\" class=\"wpforms-field wpforms-field-phone\" data-field-id=\"3\"><label class=\"wpforms-field-label\" for=\"wpforms-15167-field_3\">Telefon <span class=\"wpforms-required-label\" aria-hidden=\"true\">*<\/span><\/label><input type=\"tel\" id=\"wpforms-15167-field_3\" class=\"wpforms-field-large wpforms-field-required wpforms-smart-phone-field\" data-rule-smart-phone-field=\"true\" name=\"wpforms[fields][3]\" aria-label=\"Telefon\" aria-errormessage=\"wpforms-15167-field_3-error\" required><\/div><div id=\"wpforms-15167-field_2-container\" class=\"wpforms-field wpforms-field-textarea\" data-field-id=\"2\"><label class=\"wpforms-field-label\" for=\"wpforms-15167-field_2\">Komentarz lub wiadomo\u015b\u0107<\/label><textarea id=\"wpforms-15167-field_2\" class=\"wpforms-field-medium wpforms-limit-characters-enabled\" data-form-id=\"15167\" data-field-id=\"2\" data-text-limit=\"500\" name=\"wpforms[fields][2]\" aria-errormessage=\"wpforms-15167-field_2-error\" maxlength=\"500\" ><\/textarea><\/div><div id=\"wpforms-15167-field_4-container\" class=\"wpforms-field wpforms-field-checkbox\" data-field-id=\"4\"><fieldset><legend class=\"wpforms-field-label wpforms-label-hide\" aria-hidden=\"false\">Zgoda <span class=\"wpforms-required-label\" aria-hidden=\"true\">*<\/span><\/legend><ul id=\"wpforms-15167-field_4\" class=\"wpforms-field-required\"><li class=\"choice-1 depth-1\"><input type=\"checkbox\" id=\"wpforms-15167-field_4_1\" name=\"wpforms[fields][4][]\" value=\"Wysy\u0142aj\u0105c do nas komentarz lub wiadomo\u015b\u0107, wyra\u017casz zgod\u0119 na przetwarzanie danych osobowych przez Enigma SOI Sp. z o.o. i przes\u0142anie dalszej korespondencji.\" aria-errormessage=\"wpforms-15167-field_4_1-error\" required ><label class=\"wpforms-field-label-inline\" for=\"wpforms-15167-field_4_1\">Wysy\u0142aj\u0105c do nas komentarz lub wiadomo\u015b\u0107, wyra\u017casz zgod\u0119 na przetwarzanie danych osobowych przez Enigma SOI Sp. z o.o. i przes\u0142anie dalszej korespondencji.<\/label><\/li><\/ul><\/fieldset><\/div><\/div><!-- .wpforms-field-container --><div class=\"wpforms-submit-container\" ><input type=\"hidden\" name=\"wpforms[id]\" value=\"15167\"><input type=\"hidden\" name=\"page_title\" value=\"\"><input type=\"hidden\" name=\"page_url\" value=\"https:\/\/testpomoc.cencert.pl\/en\/wp-json\/wp\/v2\/pages\/15830\"><button type=\"submit\" name=\"wpforms[submit]\" id=\"wpforms-submit-15167\" class=\"wpforms-submit\" data-alt-text=\"Wysy\u0142anie...\" data-submit-text=\"Wy\u015blij\" aria-live=\"assertive\" value=\"wpforms-submit\">Wy\u015blij<\/button><img decoding=\"async\" src=\"https:\/\/testpomoc.cencert.pl\/wp-content\/plugins\/wpforms\/assets\/images\/submit-spin.svg\" class=\"wpforms-submit-spinner\" style=\"display: none;\" width=\"26\" height=\"26\" alt=\"Loading\"><\/div><\/form><\/div>  <!-- .wpforms-container -->\t\t<\/div>\n\t\t\t\t<\/div>\n\t\t\t\t\t<\/div>\n\t\t<\/div>\n\t\t\t\t<div class=\"elementor-column elementor-col-50 elementor-inner-column elementor-element elementor-element-cf3748c\" data-id=\"cf3748c\" data-element_type=\"column\">\n\t\t\t<div class=\"elementor-widget-wrap elementor-element-populated\">\n\t\t\t\t\t\t<div class=\"elementor-element elementor-element-1c22b88 elementor-widget elementor-widget-image\" data-id=\"1c22b88\" data-element_type=\"widget\" data-widget_type=\"image.default\">\n\t\t\t\t<div class=\"elementor-widget-container\">\n\t\t\t\t\t\t\t\t\t\t\t\t\t<img fetchpriority=\"high\" decoding=\"async\" width=\"318\" height=\"487\" src=\"https:\/\/testpomoc.cencert.pl\/wp-content\/uploads\/2024\/08\/Zrzut-ekranu-2024-08-14-101702.png\" class=\"attachment-full size-full wp-image-15793\" alt=\"\" srcset=\"https:\/\/testpomoc.cencert.pl\/wp-content\/uploads\/2024\/08\/Zrzut-ekranu-2024-08-14-101702.png 318w, https:\/\/testpomoc.cencert.pl\/wp-content\/uploads\/2024\/08\/Zrzut-ekranu-2024-08-14-101702-196x300.png 196w\" sizes=\"(max-width: 318px) 100vw, 318px\" \/>\t\t\t\t\t\t\t\t\t\t\t\t\t<\/div>\n\t\t\t\t<\/div>\n\t\t\t\t\t<\/div>\n\t\t<\/div>\n\t\t\t\t\t<\/div>\n\t\t<\/section>\n\t\t\t\t<div class=\"elementor-element elementor-element-6660981c elementor-widget elementor-widget-text-editor\" data-id=\"6660981c\" data-element_type=\"widget\" data-widget_type=\"text-editor.default\">\n\t\t\t\t<div class=\"elementor-widget-container\">\n\t\t\t\t\t\t\t<p><\/p>\n\t\t\t\t\t\t<\/div>\n\t\t\t\t<\/div>\n\t\t\t\t\t<\/div>\n\t\t<\/div>\n\t\t\t\t\t<\/div>\n\t\t<\/section>\n\t\t\t\t<section class=\"elementor-section elementor-top-section elementor-element elementor-element-453a856 elementor-section-boxed elementor-section-height-default elementor-section-height-default\" data-id=\"453a856\" data-element_type=\"section\">\n\t\t\t\t\t\t<div class=\"elementor-container elementor-column-gap-default\">\n\t\t\t\t\t<div class=\"elementor-column elementor-col-100 elementor-top-column elementor-element elementor-element-b534431\" data-id=\"b534431\" data-element_type=\"column\">\n\t\t\t<div class=\"elementor-widget-wrap elementor-element-populated\">\n\t\t\t\t\t\t<div class=\"elementor-element elementor-element-7b925ab elementor-widget elementor-widget-google_maps\" data-id=\"7b925ab\" data-element_type=\"widget\" data-widget_type=\"google_maps.default\">\n\t\t\t\t<div class=\"elementor-widget-container\">\n\t\t\t\t\t<div class=\"elementor-custom-embed\">\n\t\t\t<iframe loading=\"lazy\"\n\t\t\t\t\tsrc=\"https:\/\/maps.google.com\/maps?q=ul.%20Jagiello%C5%84ska%2078%2C%2003-301%20Warszawa&#038;t=m&#038;z=11&#038;output=embed&#038;iwloc=near\"\n\t\t\t\t\ttitle=\"ul. Jagiello\u0144ska 78, 03-301 Warszawa\"\n\t\t\t\t\taria-label=\"ul. Jagiello\u0144ska 78, 03-301 Warszawa\"\n\t\t\t><\/iframe>\n\t\t<\/div>\n\t\t\t\t<\/div>\n\t\t\t\t<\/div>\n\t\t\t\t\t<\/div>\n\t\t<\/div>\n\t\t\t\t\t<\/div>\n\t\t<\/section>\n\t\t\t\t<section class=\"elementor-section elementor-top-section elementor-element elementor-element-373f47b elementor-section-boxed elementor-section-height-default elementor-section-height-default\" data-id=\"373f47b\" data-element_type=\"section\">\n\t\t\t\t\t\t<div class=\"elementor-container elementor-column-gap-default\">\n\t\t\t\t\t<div class=\"elementor-column elementor-col-50 elementor-top-column elementor-element elementor-element-96d427b\" data-id=\"96d427b\" data-element_type=\"column\">\n\t\t\t<div class=\"elementor-widget-wrap elementor-element-populated\">\n\t\t\t\t\t\t<div class=\"elementor-element elementor-element-d44019d elementor-view-default elementor-position-top elementor-mobile-position-top elementor-widget elementor-widget-icon-box\" data-id=\"d44019d\" data-element_type=\"widget\" data-widget_type=\"icon-box.default\">\n\t\t\t\t<div class=\"elementor-widget-container\">\n\t\t\t\t\t<div class=\"elementor-icon-box-wrapper\">\n\n\t\t\t\t\t\t<div class=\"elementor-icon-box-icon\">\n\t\t\t\t<span  class=\"elementor-icon elementor-animation-\">\n\t\t\t\t<i aria-hidden=\"true\" class=\"fas fa-map-marked-alt\"><\/i>\t\t\t\t<\/span>\n\t\t\t<\/div>\n\t\t\t\n\t\t\t\t\t\t<div class=\"elementor-icon-box-content\">\n\n\t\t\t\t\t\t\t\t\t<h4 class=\"elementor-icon-box-title\">\n\t\t\t\t\t\t<span  >\n\t\t\t\t\t\t\tCencert Central Registration Desk\t\t\t\t\t\t<\/span>\n\t\t\t\t\t<\/h4>\n\t\t\t\t\n\t\t\t\t\t\t\t\t\t<p class=\"elementor-icon-box-description\">\n\t\t\t\t\t\tJagiello\u0144ska 78 Street, 03-301 Warsaw<br>2nd floor, room 3.45  \t\t\t\t\t<\/p>\n\t\t\t\t\n\t\t\t<\/div>\n\t\t\t\n\t\t<\/div>\n\t\t\t\t<\/div>\n\t\t\t\t<\/div>\n\t\t\t\t\t<\/div>\n\t\t<\/div>\n\t\t\t\t<div class=\"elementor-column elementor-col-50 elementor-top-column elementor-element elementor-element-6666291\" data-id=\"6666291\" data-element_type=\"column\">\n\t\t\t<div class=\"elementor-widget-wrap elementor-element-populated\">\n\t\t\t\t\t\t<div class=\"elementor-element elementor-element-f91fd94 elementor-view-default elementor-position-top elementor-mobile-position-top elementor-widget elementor-widget-icon-box\" data-id=\"f91fd94\" data-element_type=\"widget\" data-widget_type=\"icon-box.default\">\n\t\t\t\t<div class=\"elementor-widget-container\">\n\t\t\t\t\t<div class=\"elementor-icon-box-wrapper\">\n\n\t\t\t\t\t\t<div class=\"elementor-icon-box-icon\">\n\t\t\t\t<span  class=\"elementor-icon elementor-animation-\">\n\t\t\t\t<i aria-hidden=\"true\" class=\"fas fa-comments\"><\/i>\t\t\t\t<\/span>\n\t\t\t<\/div>\n\t\t\t\n\t\t\t\t\t\t<div class=\"elementor-icon-box-content\">\n\n\t\t\t\t\t\t\t\t\t<h4 class=\"elementor-icon-box-title\">\n\t\t\t\t\t\t<span  >\n\t\t\t\t\t\t\tTechnical assistance\t\t\t\t\t\t<\/span>\n\t\t\t\t\t<\/h4>\n\t\t\t\t\n\t\t\t\t\t\t\t\t\t<p class=\"elementor-icon-box-description\">\n\t\t\t\t\t\topen weekdays 8:00 - 18:00<br>tel. +48 22 720 79 55 | +48 666 028 044  \t\t\t\t\t<\/p>\n\t\t\t\t\n\t\t\t<\/div>\n\t\t\t\n\t\t<\/div>\n\t\t\t\t<\/div>\n\t\t\t\t<\/div>\n\t\t\t\t\t<\/div>\n\t\t<\/div>\n\t\t\t\t\t<\/div>\n\t\t<\/section>\n\t\t\t\t<\/div>\n\t\t","protected":false},"excerpt":{"rendered":"<p>Contact us If you have any questions, please contact us using the form below. Please enable JavaScript in your browser to complete this form.Please enable JavaScript in your browser to complete this form. Imi\u0119 i nazwisko * FirstLast Adres e-mail *Telefon *Komentarz lub wiadomo\u015b\u0107 Zgoda * Wysy\u0142aj\u0105c do nas komentarz lub wiadomo\u015b\u0107, wyra\u017casz zgod\u0119 na [&hellip;]<\/p>\n","protected":false},"author":3,"featured_media":0,"parent":0,"menu_order":0,"comment_status":"closed","ping_status":"closed","template":"","meta":{"footnotes":""},"class_list":["post-15830","page","type-page","status-publish","hentry"],"yoast_head":"<!-- This site is optimized with the Yoast SEO plugin v23.6 - https:\/\/yoast.com\/wordpress\/plugins\/seo\/ -->\n<title>contact - Strona pomocy Cencert<\/title>\n<meta name=\"robots\" content=\"index, follow, max-snippet:-1, max-image-preview:large, max-video-preview:-1\" \/>\n<link rel=\"canonical\" href=\"https:\/\/testpomoc.cencert.pl\/en\/contact\/\" \/>\n<meta property=\"og:locale\" content=\"en_US\" \/>\n<meta property=\"og:type\" content=\"article\" \/>\n<meta property=\"og:title\" content=\"contact - Strona pomocy Cencert\" \/>\n<meta property=\"og:description\" content=\"Contact us If you have any questions, please contact us using the form below. Please enable JavaScript in your browser to complete this form.Please enable JavaScript in your browser to complete this form. Imi\u0119 i nazwisko * FirstLast Adres e-mail *Telefon *Komentarz lub wiadomo\u015b\u0107 Zgoda * Wysy\u0142aj\u0105c do nas komentarz lub wiadomo\u015b\u0107, wyra\u017casz zgod\u0119 na [&hellip;]\" \/>\n<meta property=\"og:url\" content=\"https:\/\/testpomoc.cencert.pl\/en\/contact\/\" \/>\n<meta property=\"og:site_name\" content=\"Strona pomocy Cencert\" \/>\n<meta property=\"article:modified_time\" content=\"2024-10-28T16:22:17+00:00\" \/>\n<meta property=\"og:image\" content=\"https:\/\/testpomoc.cencert.pl\/wp-content\/plugins\/wpforms\/assets\/images\/submit-spin.svg\" \/>\n<meta name=\"twitter:card\" content=\"summary_large_image\" \/>\n<meta name=\"twitter:label1\" content=\"Est. reading time\" \/>\n\t<meta name=\"twitter:data1\" content=\"1 minute\" \/>\n<script type=\"application\/ld+json\" class=\"yoast-schema-graph\">{\"@context\":\"https:\/\/schema.org\",\"@graph\":[{\"@type\":\"WebPage\",\"@id\":\"https:\/\/testpomoc.cencert.pl\/en\/contact\/\",\"url\":\"https:\/\/testpomoc.cencert.pl\/en\/contact\/\",\"name\":\"contact - Strona pomocy Cencert\",\"isPartOf\":{\"@id\":\"https:\/\/testpomoc.cencert.pl\/en\/#website\"},\"primaryImageOfPage\":{\"@id\":\"https:\/\/testpomoc.cencert.pl\/en\/contact\/#primaryimage\"},\"image\":{\"@id\":\"https:\/\/testpomoc.cencert.pl\/en\/contact\/#primaryimage\"},\"thumbnailUrl\":\"https:\/\/testpomoc.cencert.pl\/wp-content\/plugins\/wpforms\/assets\/images\/submit-spin.svg\",\"datePublished\":\"2024-07-05T13:43:40+00:00\",\"dateModified\":\"2024-10-28T16:22:17+00:00\",\"breadcrumb\":{\"@id\":\"https:\/\/testpomoc.cencert.pl\/en\/contact\/#breadcrumb\"},\"inLanguage\":\"en-US\",\"potentialAction\":[{\"@type\":\"ReadAction\",\"target\":[\"https:\/\/testpomoc.cencert.pl\/en\/contact\/\"]}]},{\"@type\":\"ImageObject\",\"inLanguage\":\"en-US\",\"@id\":\"https:\/\/testpomoc.cencert.pl\/en\/contact\/#primaryimage\",\"url\":\"https:\/\/testpomoc.cencert.pl\/wp-content\/plugins\/wpforms\/assets\/images\/submit-spin.svg\",\"contentUrl\":\"https:\/\/testpomoc.cencert.pl\/wp-content\/plugins\/wpforms\/assets\/images\/submit-spin.svg\"},{\"@type\":\"BreadcrumbList\",\"@id\":\"https:\/\/testpomoc.cencert.pl\/en\/contact\/#breadcrumb\",\"itemListElement\":[{\"@type\":\"ListItem\",\"position\":1,\"name\":\"Strona g\u0142\u00f3wna\",\"item\":\"https:\/\/testpomoc.cencert.pl\/en\/homepage\/\"},{\"@type\":\"ListItem\",\"position\":2,\"name\":\"contact\"}]},{\"@type\":\"WebSite\",\"@id\":\"https:\/\/testpomoc.cencert.pl\/en\/#website\",\"url\":\"https:\/\/testpomoc.cencert.pl\/en\/\",\"name\":\"Strona pomocy Cencert\",\"description\":\"Strona pomocy Cencert\",\"publisher\":{\"@id\":\"https:\/\/testpomoc.cencert.pl\/en\/#organization\"},\"potentialAction\":[{\"@type\":\"SearchAction\",\"target\":{\"@type\":\"EntryPoint\",\"urlTemplate\":\"https:\/\/testpomoc.cencert.pl\/en\/?s={search_term_string}\"},\"query-input\":{\"@type\":\"PropertyValueSpecification\",\"valueRequired\":true,\"valueName\":\"search_term_string\"}}],\"inLanguage\":\"en-US\"},{\"@type\":\"Organization\",\"@id\":\"https:\/\/testpomoc.cencert.pl\/en\/#organization\",\"name\":\"Strona pomocy Cencert\",\"url\":\"https:\/\/testpomoc.cencert.pl\/en\/\",\"logo\":{\"@type\":\"ImageObject\",\"inLanguage\":\"en-US\",\"@id\":\"https:\/\/testpomoc.cencert.pl\/en\/#\/schema\/logo\/image\/\",\"url\":\"https:\/\/testpomoc.cencert.pl\/wp-content\/uploads\/2020\/12\/POMOC3.png\",\"contentUrl\":\"https:\/\/testpomoc.cencert.pl\/wp-content\/uploads\/2020\/12\/POMOC3.png\",\"width\":2000,\"height\":400,\"caption\":\"Strona pomocy Cencert\"},\"image\":{\"@id\":\"https:\/\/testpomoc.cencert.pl\/en\/#\/schema\/logo\/image\/\"}}]}<\/script>\n<!-- \/ Yoast SEO plugin. -->","yoast_head_json":{"title":"contact - Strona pomocy Cencert","robots":{"index":"index","follow":"follow","max-snippet":"max-snippet:-1","max-image-preview":"max-image-preview:large","max-video-preview":"max-video-preview:-1"},"canonical":"https:\/\/testpomoc.cencert.pl\/en\/contact\/","og_locale":"en_US","og_type":"article","og_title":"contact - Strona pomocy Cencert","og_description":"Contact us If you have any questions, please contact us using the form below. Please enable JavaScript in your browser to complete this form.Please enable JavaScript in your browser to complete this form. Imi\u0119 i nazwisko * FirstLast Adres e-mail *Telefon *Komentarz lub wiadomo\u015b\u0107 Zgoda * Wysy\u0142aj\u0105c do nas komentarz lub wiadomo\u015b\u0107, wyra\u017casz zgod\u0119 na [&hellip;]","og_url":"https:\/\/testpomoc.cencert.pl\/en\/contact\/","og_site_name":"Strona pomocy Cencert","article_modified_time":"2024-10-28T16:22:17+00:00","og_image":[{"url":"https:\/\/testpomoc.cencert.pl\/wp-content\/plugins\/wpforms\/assets\/images\/submit-spin.svg"}],"twitter_card":"summary_large_image","twitter_misc":{"Est. reading time":"1 minute"},"schema":{"@context":"https:\/\/schema.org","@graph":[{"@type":"WebPage","@id":"https:\/\/testpomoc.cencert.pl\/en\/contact\/","url":"https:\/\/testpomoc.cencert.pl\/en\/contact\/","name":"contact - Strona pomocy Cencert","isPartOf":{"@id":"https:\/\/testpomoc.cencert.pl\/en\/#website"},"primaryImageOfPage":{"@id":"https:\/\/testpomoc.cencert.pl\/en\/contact\/#primaryimage"},"image":{"@id":"https:\/\/testpomoc.cencert.pl\/en\/contact\/#primaryimage"},"thumbnailUrl":"https:\/\/testpomoc.cencert.pl\/wp-content\/plugins\/wpforms\/assets\/images\/submit-spin.svg","datePublished":"2024-07-05T13:43:40+00:00","dateModified":"2024-10-28T16:22:17+00:00","breadcrumb":{"@id":"https:\/\/testpomoc.cencert.pl\/en\/contact\/#breadcrumb"},"inLanguage":"en-US","potentialAction":[{"@type":"ReadAction","target":["https:\/\/testpomoc.cencert.pl\/en\/contact\/"]}]},{"@type":"ImageObject","inLanguage":"en-US","@id":"https:\/\/testpomoc.cencert.pl\/en\/contact\/#primaryimage","url":"https:\/\/testpomoc.cencert.pl\/wp-content\/plugins\/wpforms\/assets\/images\/submit-spin.svg","contentUrl":"https:\/\/testpomoc.cencert.pl\/wp-content\/plugins\/wpforms\/assets\/images\/submit-spin.svg"},{"@type":"BreadcrumbList","@id":"https:\/\/testpomoc.cencert.pl\/en\/contact\/#breadcrumb","itemListElement":[{"@type":"ListItem","position":1,"name":"Strona g\u0142\u00f3wna","item":"https:\/\/testpomoc.cencert.pl\/en\/homepage\/"},{"@type":"ListItem","position":2,"name":"contact"}]},{"@type":"WebSite","@id":"https:\/\/testpomoc.cencert.pl\/en\/#website","url":"https:\/\/testpomoc.cencert.pl\/en\/","name":"Strona pomocy Cencert","description":"Strona pomocy Cencert","publisher":{"@id":"https:\/\/testpomoc.cencert.pl\/en\/#organization"},"potentialAction":[{"@type":"SearchAction","target":{"@type":"EntryPoint","urlTemplate":"https:\/\/testpomoc.cencert.pl\/en\/?s={search_term_string}"},"query-input":{"@type":"PropertyValueSpecification","valueRequired":true,"valueName":"search_term_string"}}],"inLanguage":"en-US"},{"@type":"Organization","@id":"https:\/\/testpomoc.cencert.pl\/en\/#organization","name":"Strona pomocy Cencert","url":"https:\/\/testpomoc.cencert.pl\/en\/","logo":{"@type":"ImageObject","inLanguage":"en-US","@id":"https:\/\/testpomoc.cencert.pl\/en\/#\/schema\/logo\/image\/","url":"https:\/\/testpomoc.cencert.pl\/wp-content\/uploads\/2020\/12\/POMOC3.png","contentUrl":"https:\/\/testpomoc.cencert.pl\/wp-content\/uploads\/2020\/12\/POMOC3.png","width":2000,"height":400,"caption":"Strona pomocy Cencert"},"image":{"@id":"https:\/\/testpomoc.cencert.pl\/en\/#\/schema\/logo\/image\/"}}]}},"_links":{"self":[{"href":"https:\/\/testpomoc.cencert.pl\/en\/wp-json\/wp\/v2\/pages\/15830"}],"collection":[{"href":"https:\/\/testpomoc.cencert.pl\/en\/wp-json\/wp\/v2\/pages"}],"about":[{"href":"https:\/\/testpomoc.cencert.pl\/en\/wp-json\/wp\/v2\/types\/page"}],"author":[{"embeddable":true,"href":"https:\/\/testpomoc.cencert.pl\/en\/wp-json\/wp\/v2\/users\/3"}],"replies":[{"embeddable":true,"href":"https:\/\/testpomoc.cencert.pl\/en\/wp-json\/wp\/v2\/comments?post=15830"}],"version-history":[{"count":6,"href":"https:\/\/testpomoc.cencert.pl\/en\/wp-json\/wp\/v2\/pages\/15830\/revisions"}],"predecessor-version":[{"id":15945,"href":"https:\/\/testpomoc.cencert.pl\/en\/wp-json\/wp\/v2\/pages\/15830\/revisions\/15945"}],"wp:attachment":[{"href":"https:\/\/testpomoc.cencert.pl\/en\/wp-json\/wp\/v2\/media?parent=15830"}],"curies":[{"name":"wp","href":"https:\/\/api.w.org\/{rel}","templated":true}]}}